{"id":40,"date":"2018-02-06T14:50:56","date_gmt":"2018-02-06T11:50:56","guid":{"rendered":"http:\/\/vivanza.com.tr\/?page_id=40"},"modified":"2022-10-24T13:10:40","modified_gmt":"2022-10-24T10:10:40","slug":"kurumsal","status":"publish","type":"page","link":"https:\/\/vivanza.com.tr\/ar\/kurumsal\/","title":{"rendered":"\u0634\u0631\u0643\u0629 \u0643\u0628\u0631\u0649"},"content":{"rendered":"<div data-vc-full-width=\"true\" data-vc-full-width-init=\"false\" class=\"vc_row wpb_row vc_row-fluid vc_custom_1557476315243 vc_row-has-fill basel-parallax\"><div class=\"wpb_column vc_column_container vc_col-sm-12\"><div class=\"vc_column-inner\"><div class=\"wpb_wrapper\"><h2 style=\"font-size: 45px;color: #ffffff;text-align: center\" class=\"vc_custom_heading\" >\u0645\u0646 \u0646\u062d\u0646<\/h2><\/div><\/div><\/div><\/div><div class=\"vc_row-full-width vc_clearfix\"><\/div><div class=\"vc_row wpb_row vc_row-fluid\"><div class=\"wpb_column vc_column_container vc_col-sm-12\"><div class=\"vc_column-inner\"><div class=\"wpb_wrapper\">\n\t<div class=\"wpb_text_column wpb_content_element\" >\n\t\t<div class=\"wpb_wrapper\">\n\t\t\t<p class=\" translation-block\">\u0645\u0647\u0645\u062a\u0646\u0627 \u0647\u064a: \u0644\u062a\u0644\u0628\u064a\u0629 \u0627\u062d\u062a\u064a\u0627\u062c\u0627\u062a \u0639\u0645\u0644\u0627\u0626\u0646\u0627 \u0628\u0623\u0643\u062b\u0631 \u0627\u0644\u0637\u0631\u0642 \u062f\u0642\u0629 \u0645\u0639 \u0623\u0633\u0639\u0627\u0631\u0646\u0627 \u0648\u0646\u0645\u0627\u0630\u062c\u0646\u0627 \u060c \u062f\u0648\u0646 \u0627\u0644\u0645\u0633\u0627\u0633 \u0628\u0645\u062c\u0645\u0648\u0639\u062a\u0646\u0627 \u0627\u0644\u0648\u0627\u0633\u0639\u0629 \u0645\u0646 \u0627\u0644\u0645\u0646\u062a\u062c\u0627\u062a \u0648\u0641\u0647\u0645\u0646\u0627 \u0644\u0644\u062e\u062f\u0645\u0629 \u0627\u0644\u0645\u062b\u0627\u0644\u064a\u0629.<\/p>\n<p>\u0627\u062e\u062a\u064a\u0627\u0631 \u0627\u0644\u0623\u062b\u0627\u062b \u064a\u062a\u0637\u0644\u0628 \u0627\u0644\u0639\u0627\u0637\u0641\u0629 \u0648\u0627\u0644\u0645\u062a\u0639\u0629. \u0644\u0642\u062f \u0627\u062e\u062a\u0631\u0646\u0627 \u062a\u0635\u0645\u064a\u0645 \u0648\u0625\u0646\u062a\u0627\u062c \u0627\u0644\u0645\u0646\u062a\u062c\u0627\u062a \u0627\u0644\u062a\u064a \u0633\u062a\u0636\u064a\u0641 \u0642\u064a\u0645\u0629 \u0644\u0644\u062d\u064a\u0627\u0629 \u0643\u0645\u0647\u0646\u0629. \u0644\u0642\u062f \u0643\u0631\u0633\u0646\u0627 \u062d\u064a\u0627\u062a\u0646\u0627 \u0644\u0647\u0630\u0627 \u0627\u0644\u0645\u0633\u0639\u0649 \u0627\u0644\u0641\u0646\u064a. \u0639\u0645\u0644\u0646\u0627 \u0647\u0648 \u0627\u0644\u0628\u0642\u0627\u0621 \u0639\u0644\u0649 \u0627\u0637\u0644\u0627\u0639 \u062f\u0627\u0626\u0645 \u060c \u0644\u0646\u0643\u0648\u0646 \u062e\u0637\u0648\u0629 \u0648\u0627\u062d\u062f\u0629 \u0625\u0644\u0649 \u0627\u0644\u0623\u0645\u0627\u0645.<\/p>\n<p>\u0648\u0646\u062d\u0646 \u0646\u0639\u0645\u0644 \u0627\u0644\u0622\u0646 \u0628\u062d\u0645\u0627\u0633 \u0623\u0643\u0628\u0631. \u0646\u062d\u0646 \u0646\u062e\u0644\u0642 \u0645\u0641\u0627\u0647\u064a\u0645 \u0645\u0646\u062a\u062c\u0627\u062a \u062c\u062f\u064a\u062f\u0629 \u0645\u0646 \u0623\u062c\u0644 \u062a\u0642\u062f\u064a\u0645 \u0645\u0646\u062a\u062c\u0627\u062a\u0646\u0627 \u0627\u0644\u0648\u0638\u064a\u0641\u064a\u0629 \u0648\u0639\u0627\u0644\u064a\u0629 \u0627\u0644\u062c\u0648\u062f\u0629 \u0648\u0627\u0644\u0645\u062e\u062a\u0644\u0641\u0629 \u0648\u0627\u0644\u0623\u0635\u0644\u064a\u0629 \u0648\u0627\u0644\u0642\u0648\u064a\u0629 \u0644\u0644\u0645\u0633\u062a\u0647\u0644\u0643\u064a\u0646 \u0641\u064a \u0627\u0644\u0628\u064a\u0626\u0627\u062a \u0627\u0644\u0623\u0643\u062b\u0631 \u0623\u0646\u0627\u0642\u0629 \u0648\u0632\u062e\u0631\u0641\u064a\u0629.<br \/>\n\u0645\u0628\u062f\u0623\u0646\u0627 \u0627\u0644\u0623\u0633\u0627\u0633\u064a \u0647\u0648 \u0631\u0636\u0627 \u0627\u0644\u0639\u0645\u0644\u0627\u0621. \u0648\u0628\u0647\u0630\u0627 \u0627\u0644\u0645\u0639\u0646\u0649 \u060c \u0646\u0642\u0648\u0645 \u0628\u062a\u0646\u0641\u064a\u0630 \u0641\u0647\u0645 \u062c\u0648\u062f\u0629 \u0627\u0644\u062e\u062f\u0645\u0629 \u0641\u064a \u062c\u0645\u064a\u0639 \u0627\u0644\u0645\u0631\u0627\u062d\u0644 \u062d\u062a\u0649 \u064a\u0635\u0644 \u0645\u0646\u062a\u062c\u0646\u0627 \u0625\u0644\u0649 \u0627\u0644\u0645\u0633\u062a\u062e\u062f\u0645 \u0627\u0644\u0646\u0647\u0627\u0626\u064a. \u0646\u062d\u0646 \u0646\u0641\u0636\u0644 \u062a\u0635\u0645\u064a\u0645 \u0627\u0644\u0645\u0646\u062a\u062c\u0627\u062a \u0627\u0644\u062a\u064a \u0633\u064a\u0633\u062a\u0645\u062a\u0639 \u0628\u0647\u0627 \u0639\u0645\u0644\u0627\u0624\u0646\u0627 \u0623\u062b\u0646\u0627\u0621 \u0627\u0644\u0627\u0633\u062a\u062e\u062f\u0627\u0645 \u0648\u0627\u0644\u062a\u064a \u0633\u062a\u062c\u0639\u0644 \u0627\u0644\u062d\u064a\u0627\u0629 \u0623\u0633\u0647\u0644 \u0645\u0639 \u0648\u0638\u0627\u0626\u0641\u0647\u0627.<br \/>\n\u0645\u0646 \u0627\u0644\u0636\u0631\u0648\u0631\u064a \u0623\u0646 \u064a\u0643\u0648\u0646 \u0648\u0631\u0627\u0621 \u0643\u0644 \u0639\u0645\u0644 \u0639\u0627\u0644\u064a \u0627\u0644\u062c\u0648\u062f\u0629 \u0641\u0631\u064a\u0642 \u0645\u0646\u0638\u0645 \u0648\u062f\u064a\u0646\u0627\u0645\u064a\u0643\u064a \u0648\u0631\u0648\u062d \u0627\u0644\u0641\u0631\u064a\u0642. \u0645\u0639 \u0648\u0636\u0639 \u0630\u0644\u0643 \u0641\u064a \u0627\u0644\u0627\u0639\u062a\u0628\u0627\u0631 \u060c \u0646\u0642\u0628\u0644 \u0645\u0648\u0638\u0641\u064a\u0646\u0627 \u0648\u0645\u0648\u0631\u062f\u064a\u0646\u0627 \u0643\u0634\u0631\u0643\u0627\u0621 \u0641\u064a \u0634\u0631\u0643\u062a\u0646\u0627.<\/p>\n<p>\u0628\u0635\u0641\u062a\u0646\u0627 \u0639\u0627\u0626\u0644\u0629 Vivanza \u0623\u062b\u0627\u062b \u060c \u0646\u0642\u062f\u0645 \u0644\u0639\u0645\u0644\u0627\u0626\u0646\u0627. \u0633\u0646\u0633\u062a\u0645\u0631 \u0641\u064a \u0623\u0646 \u0646\u0643\u0648\u0646 \u0634\u0631\u064a\u0643\u0627 \u0641\u064a \u0627\u0644\u062d\u0644\u0648\u0644 \u0645\u0646 \u0623\u062c\u0644 \u0625\u0646\u0634\u0627\u0621 \u0645\u0633\u0627\u062d\u0627\u062a \u0645\u0639\u0627\u0635\u0631\u0629 \u0648\u0635\u0627\u0644\u062d\u0629 \u0644\u0644\u0639\u064a\u0634 \u062f\u0648\u0646 \u0627\u0644\u062a\u0636\u062d\u064a\u0629 \u0628\u0627\u0644\u062c\u0648\u062f\u0629.<\/p>\n<p>\u0646\u062d\u0646 \u0646\u0647\u062f\u0641 \u0625\u0644\u0649 \u062a\u0632\u0648\u064a\u062f \u0639\u0645\u0644\u0627\u0626\u0646\u0627 \u0628\u0645\u0646\u062a\u062c\u0627\u062a \u0639\u0627\u0644\u064a\u0629 \u0627\u0644\u062c\u0648\u062f\u0629 \u0628\u0639\u064a\u062f\u0629 \u0643\u0644 \u0627\u0644\u0628\u0639\u062f \u0639\u0646 \u0627\u0644\u0645\u0623\u0644\u0648\u0641 \u0645\u0639 \u0641\u0647\u0645 \u0627\u0644\u062a\u0635\u0645\u064a\u0645 \u0627\u0644\u062d\u062f\u064a\u062b \u0648\u0627\u0644\u062c\u0645\u0627\u0644\u064a \u0648\u0627\u0644\u0648\u0638\u064a\u0641\u064a. \u0628\u0635\u0641\u062a\u0646\u0627 \u0645\u0646\u0638\u0645\u0629 \u0631\u0627\u0626\u062f\u0629 \u0641\u064a \u0647\u0630\u0627 \u0627\u0644\u0645\u062c\u0627\u0644 \u060c \u0646\u0647\u062f\u0641 \u0625\u0644\u0649 \u0627\u0644\u0645\u0633\u0627\u0647\u0645\u0629 \u0641\u064a \u062a\u0637\u0648\u064a\u0631 \u0627\u0644\u0645\u0639\u0627\u064a\u064a\u0631 \u0627\u0644\u0642\u0637\u0627\u0639\u064a\u0629 \u0645\u0646 \u062e\u0644\u0627\u0644 \u062a\u0648\u0641\u064a\u0631 \u062e\u062f\u0645\u0627\u062a \u0639\u0627\u0644\u064a\u0629 \u0627\u0644\u062c\u0648\u062f\u0629 \u0645\u0646 \u0627\u0644\u0645\u0628\u064a\u0639\u0627\u062a \u0625\u0644\u0649 \u062e\u062f\u0645\u0627\u062a \u0645\u0627 \u0628\u0639\u062f \u0627\u0644\u0628\u064a\u0639.<\/p>\n\n\t\t<\/div>\n\t<\/div>\n<\/div><\/div><\/div><\/div>","protected":false},"excerpt":{"rendered":"Hakk\u0131m\u0131zda Misyonumuz; geni\u015f \u00fcr\u00fcn yelpazemiz ve kusursuz hizmet anlay\u0131\u015f\u0131m\u0131zdan \u00f6d\u00fcn vermeyerek, fiyat ve modellerimizle m\u00fc\u015fterilerimizin ihtiya\u00e7lar\u0131n\u0131 en do\u011fru \u015fekilde kar\u015f\u0131lamakt\u0131r.","protected":false},"author":1,"featured_media":2695,"parent":0,"menu_order":1,"comment_status":"closed","ping_status":"closed","template":"","meta":[],"_links":{"self":[{"href":"https:\/\/vivanza.com.tr\/ar\/wp-json\/wp\/v2\/pages\/40"}],"collection":[{"href":"https:\/\/vivanza.com.tr\/ar\/wp-json\/wp\/v2\/pages"}],"about":[{"href":"https:\/\/vivanza.com.tr\/ar\/wp-json\/wp\/v2\/types\/page"}],"author":[{"embeddable":true,"href":"https:\/\/vivanza.com.tr\/ar\/wp-json\/wp\/v2\/users\/1"}],"replies":[{"embeddable":true,"href":"https:\/\/vivanza.com.tr\/ar\/wp-json\/wp\/v2\/comments?post=40"}],"version-history":[{"count":10,"href":"https:\/\/vivanza.com.tr\/ar\/wp-json\/wp\/v2\/pages\/40\/revisions"}],"predecessor-version":[{"id":507,"href":"https:\/\/vivanza.com.tr\/ar\/wp-json\/wp\/v2\/pages\/40\/revisions\/507"}],"wp:featuredmedia":[{"embeddable":true,"href":"https:\/\/vivanza.com.tr\/ar\/wp-json\/wp\/v2\/media\/2695"}],"wp:attachment":[{"href":"https:\/\/vivanza.com.tr\/ar\/wp-json\/wp\/v2\/media?parent=40"}],"curies":[{"name":"wp","href":"https:\/\/api.w.org\/{rel}","templated":true}]}}