{"id":508,"date":"2019-05-10T13:28:16","date_gmt":"2019-05-10T10:28:16","guid":{"rendered":"http:\/\/vivanza.com.tr\/?page_id=508"},"modified":"2022-10-26T18:49:38","modified_gmt":"2022-10-26T15:49:38","slug":"koleksiyonlar","status":"publish","type":"page","link":"https:\/\/vivanza.com.tr\/ar\/koleksiyonlar\/","title":{"rendered":"\u0645\u062c\u0627\u0645\u064a\u0639"},"content":{"rendered":"<div class=\"vc_row wpb_row vc_row-fluid\"><div class=\"wpb_column vc_column_container vc_col-sm-12\"><div class=\"vc_column-inner\"><div class=\"wpb_wrapper\"><h2 style=\"font-size: 36px;color: #191919;text-align: center\" class=\"vc_custom_heading\" >\u0627\u0644\u062a\u062d\u0635\u064a\u0644\u0627\u062a<\/h2><\/div><\/div><\/div><\/div><div class=\"vc_row wpb_row vc_row-fluid vc_row-o-equal-height vc_row-flex\"><div class=\"wpb_column vc_column_container vc_col-sm-6\"><div class=\"vc_column-inner\"><div class=\"wpb_wrapper\">\n\t\t\t<div class=\"promo-banner cursor-pointer text-center vertical-alignment-middle banner-2 hover-1 color-scheme-light\" onclick=\"window.location.href='http:\/\/vivanza.com.tr\/urun-kategorisi\/yatak-odalari\/'\" >\n\n\t\t\t\t<div class=\"main-wrapp-img\">\n\t\t\t\t\t<div class=\"banner-image\">\n\t\t\t\t\t\t\t\t\t\t\t\t\t\t\t\t\t\t\t\t\t<img width=\"1600\" height=\"1200\" src=\"https:\/\/vivanza.com.tr\/wp-content\/uploads\/2022\/01\/urun-premier-caramel-yatak-odasi-takimi-1.jpg\" class=\"promo-banner-image image-1 attachment-full\" alt=\"\" decoding=\"async\" loading=\"lazy\" title=\"urun-premier-caramel-yatak-odasi-takimi (1)\" srcset=\"https:\/\/vivanza.com.tr\/wp-content\/uploads\/2022\/01\/urun-premier-caramel-yatak-odasi-takimi-1.jpg 1600w, https:\/\/vivanza.com.tr\/wp-content\/uploads\/2022\/01\/urun-premier-caramel-yatak-odasi-takimi-1-300x225.jpg 300w, https:\/\/vivanza.com.tr\/wp-content\/uploads\/2022\/01\/urun-premier-caramel-yatak-odasi-takimi-1-768x576.jpg 768w, https:\/\/vivanza.com.tr\/wp-content\/uploads\/2022\/01\/urun-premier-caramel-yatak-odasi-takimi-1-1024x768.jpg 1024w, https:\/\/vivanza.com.tr\/wp-content\/uploads\/2022\/01\/urun-premier-caramel-yatak-odasi-takimi-1-16x12.jpg 16w, https:\/\/vivanza.com.tr\/wp-content\/uploads\/2022\/01\/urun-premier-caramel-yatak-odasi-takimi-1-600x450.jpg 600w\" sizes=\"(max-width: 1600px) 100vw, 1600px\" \/>\t\t\t\t\t\t\t\t\t\t\t\t\t\t\t\t\t\t<\/div>\n\t\t\t\t<\/div>\n\n\t\t\t\t<div class=\"wrapper-content-baner\">\n\t\t\t\t\t<div class=\"banner-inner\">\n\t\t\t\t\t\t<\/p>\n<div class=\"section\">\n<div class=\"baslik\">\u063a\u0631\u0641 \u0646\u0648\u0645<\/div>\n<\/div>\n<p>\n\t\t\t\t\t<\/div>\n\t\t\t\t<\/div>\n\n\t\t\t<\/div>\n\n\n\t\t<\/div><\/div><\/div><div class=\"wpb_column vc_column_container vc_col-sm-6\"><div class=\"vc_column-inner\"><div class=\"wpb_wrapper\">\n\t\t\t<div class=\"promo-banner cursor-pointer text-center vertical-alignment-middle banner-2 hover-1 color-scheme-light\" onclick=\"window.location.href='http:\/\/vivanza.com.tr\/urun-kategorisi\/yemek-odalari\/'\" >\n\n\t\t\t\t<div class=\"main-wrapp-img\">\n\t\t\t\t\t<div class=\"banner-image\">\n\t\t\t\t\t\t\t\t\t\t\t\t\t\t\t\t\t\t\t\t\t<img width=\"1600\" height=\"1200\" src=\"https:\/\/vivanza.com.tr\/wp-content\/uploads\/2022\/01\/urun-premier-yemek-odasi-takimi-2.jpg\" class=\"promo-banner-image image-1 attachment-full\" alt=\"\" decoding=\"async\" loading=\"lazy\" title=\"urun-premier-yemek-odasi-takimi (2)\" srcset=\"https:\/\/vivanza.com.tr\/wp-content\/uploads\/2022\/01\/urun-premier-yemek-odasi-takimi-2.jpg 1600w, https:\/\/vivanza.com.tr\/wp-content\/uploads\/2022\/01\/urun-premier-yemek-odasi-takimi-2-300x225.jpg 300w, https:\/\/vivanza.com.tr\/wp-content\/uploads\/2022\/01\/urun-premier-yemek-odasi-takimi-2-768x576.jpg 768w, https:\/\/vivanza.com.tr\/wp-content\/uploads\/2022\/01\/urun-premier-yemek-odasi-takimi-2-1024x768.jpg 1024w, https:\/\/vivanza.com.tr\/wp-content\/uploads\/2022\/01\/urun-premier-yemek-odasi-takimi-2-16x12.jpg 16w, https:\/\/vivanza.com.tr\/wp-content\/uploads\/2022\/01\/urun-premier-yemek-odasi-takimi-2-600x450.jpg 600w\" sizes=\"(max-width: 1600px) 100vw, 1600px\" \/>\t\t\t\t\t\t\t\t\t\t\t\t\t\t\t\t\t\t<\/div>\n\t\t\t\t<\/div>\n\n\t\t\t\t<div class=\"wrapper-content-baner\">\n\t\t\t\t\t<div class=\"banner-inner\">\n\t\t\t\t\t\t<\/p>\n<div class=\"section\">\n<div class=\"baslik\">\u063a\u0631\u0641 \u0627\u0644\u0637\u0639\u0627\u0645<\/div>\n<\/div>\n<p>\n\t\t\t\t\t<\/div>\n\t\t\t\t<\/div>\n\n\t\t\t<\/div>\n\n\n\t\t<\/div><\/div><\/div><\/div><div class=\"vc_row wpb_row vc_row-fluid vc_row-o-equal-height vc_row-flex\"><div class=\"wpb_column vc_column_container vc_col-sm-4\"><div class=\"vc_column-inner\"><div class=\"wpb_wrapper\">\n\t\t\t<div class=\"promo-banner cursor-pointer text-center vertical-alignment-middle banner-2 hover-1 color-scheme-light\" onclick=\"window.location.href='http:\/\/vivanza.com.tr\/urun-kategorisi\/koltuk-takimlari\/'\" >\n\n\t\t\t\t<div class=\"main-wrapp-img\">\n\t\t\t\t\t<div class=\"banner-image\">\n\t\t\t\t\t\t\t\t\t\t\t\t\t\t\t\t\t\t\t\t\t<img width=\"1600\" height=\"1200\" src=\"https:\/\/vivanza.com.tr\/wp-content\/uploads\/2022\/01\/urun-premier-caramel-koltuk-takimi-1.jpg\" class=\"promo-banner-image image-1 attachment-full\" alt=\"\" decoding=\"async\" loading=\"lazy\" title=\"urun-premier-caramel-koltuk-takimi (1)\" srcset=\"https:\/\/vivanza.com.tr\/wp-content\/uploads\/2022\/01\/urun-premier-caramel-koltuk-takimi-1.jpg 1600w, https:\/\/vivanza.com.tr\/wp-content\/uploads\/2022\/01\/urun-premier-caramel-koltuk-takimi-1-300x225.jpg 300w, https:\/\/vivanza.com.tr\/wp-content\/uploads\/2022\/01\/urun-premier-caramel-koltuk-takimi-1-768x576.jpg 768w, https:\/\/vivanza.com.tr\/wp-content\/uploads\/2022\/01\/urun-premier-caramel-koltuk-takimi-1-1024x768.jpg 1024w, https:\/\/vivanza.com.tr\/wp-content\/uploads\/2022\/01\/urun-premier-caramel-koltuk-takimi-1-16x12.jpg 16w, https:\/\/vivanza.com.tr\/wp-content\/uploads\/2022\/01\/urun-premier-caramel-koltuk-takimi-1-600x450.jpg 600w\" sizes=\"(max-width: 1600px) 100vw, 1600px\" \/>\t\t\t\t\t\t\t\t\t\t\t\t\t\t\t\t\t\t<\/div>\n\t\t\t\t<\/div>\n\n\t\t\t\t<div class=\"wrapper-content-baner\">\n\t\t\t\t\t<div class=\"banner-inner\">\n\t\t\t\t\t\t<\/p>\n<div class=\"section\">\n<div class=\"baslik\">\u0645\u062c\u0645\u0648\u0639\u0627\u062a \u0635\u0648\u0641\u0627<\/div>\n<\/div>\n<p>\n\t\t\t\t\t<\/div>\n\t\t\t\t<\/div>\n\n\t\t\t<\/div>\n\n\n\t\t<\/div><\/div><\/div><div class=\"wpb_column vc_column_container vc_col-sm-4\"><div class=\"vc_column-inner\"><div class=\"wpb_wrapper\">\n\t\t\t<div class=\"promo-banner cursor-pointer text-center vertical-alignment-middle banner-2 hover-1 color-scheme-light\" onclick=\"window.location.href='http:\/\/vivanza.com.tr\/urun-kategorisi\/kose-takimlari\/'\" >\n\n\t\t\t\t<div class=\"main-wrapp-img\">\n\t\t\t\t\t<div class=\"banner-image\">\n\t\t\t\t\t\t\t\t\t\t\t\t\t\t\t\t\t\t\t\t\t<img width=\"1800\" height=\"1200\" src=\"https:\/\/vivanza.com.tr\/wp-content\/uploads\/2022\/01\/urun-luxury-kose-takimi-1-1.jpg\" class=\"promo-banner-image image-1 attachment-full\" alt=\"\" decoding=\"async\" loading=\"lazy\" title=\"urun-luxury-kose-takimi-1\" srcset=\"https:\/\/vivanza.com.tr\/wp-content\/uploads\/2022\/01\/urun-luxury-kose-takimi-1-1.jpg 1800w, https:\/\/vivanza.com.tr\/wp-content\/uploads\/2022\/01\/urun-luxury-kose-takimi-1-1-300x200.jpg 300w, https:\/\/vivanza.com.tr\/wp-content\/uploads\/2022\/01\/urun-luxury-kose-takimi-1-1-768x512.jpg 768w, https:\/\/vivanza.com.tr\/wp-content\/uploads\/2022\/01\/urun-luxury-kose-takimi-1-1-1024x683.jpg 1024w, https:\/\/vivanza.com.tr\/wp-content\/uploads\/2022\/01\/urun-luxury-kose-takimi-1-1-600x400.jpg 600w\" sizes=\"(max-width: 1800px) 100vw, 1800px\" \/>\t\t\t\t\t\t\t\t\t\t\t\t\t\t\t\t\t\t<\/div>\n\t\t\t\t<\/div>\n\n\t\t\t\t<div class=\"wrapper-content-baner\">\n\t\t\t\t\t<div class=\"banner-inner\">\n\t\t\t\t\t\t<\/p>\n<div class=\"section\">\n<div class=\"baslik\">\u0645\u062c\u0645\u0648\u0639\u0627\u062a \u0627\u0644\u0632\u0627\u0648\u064a\u0629<\/div>\n<\/div>\n<p>\n\t\t\t\t\t<\/div>\n\t\t\t\t<\/div>\n\n\t\t\t<\/div>\n\n\n\t\t<\/div><\/div><\/div><div class=\"wpb_column vc_column_container vc_col-sm-4\"><div class=\"vc_column-inner\"><div class=\"wpb_wrapper\">\n\t\t\t<div class=\"promo-banner cursor-pointer text-center vertical-alignment-middle banner-2 hover-1 color-scheme-light\" onclick=\"window.location.href='http:\/\/vivanza.com.tr\/urun-kategorisi\/duvar-uniteleri\/'\" >\n\n\t\t\t\t<div class=\"main-wrapp-img\">\n\t\t\t\t\t<div class=\"banner-image\">\n\t\t\t\t\t\t\t\t\t\t\t\t\t\t\t\t\t\t\t\t\t<img width=\"1800\" height=\"1200\" src=\"https:\/\/vivanza.com.tr\/wp-content\/uploads\/2022\/01\/urun-nehir-aytasi-duvar-unitesi-2.jpg\" class=\"promo-banner-image image-1 attachment-full\" alt=\"\" decoding=\"async\" loading=\"lazy\" title=\"urun-nehir-aytasi-duvar-unitesi (2)\" srcset=\"https:\/\/vivanza.com.tr\/wp-content\/uploads\/2022\/01\/urun-nehir-aytasi-duvar-unitesi-2.jpg 1800w, https:\/\/vivanza.com.tr\/wp-content\/uploads\/2022\/01\/urun-nehir-aytasi-duvar-unitesi-2-300x200.jpg 300w, https:\/\/vivanza.com.tr\/wp-content\/uploads\/2022\/01\/urun-nehir-aytasi-duvar-unitesi-2-768x512.jpg 768w, https:\/\/vivanza.com.tr\/wp-content\/uploads\/2022\/01\/urun-nehir-aytasi-duvar-unitesi-2-1024x683.jpg 1024w, https:\/\/vivanza.com.tr\/wp-content\/uploads\/2022\/01\/urun-nehir-aytasi-duvar-unitesi-2-600x400.jpg 600w\" sizes=\"(max-width: 1800px) 100vw, 1800px\" \/>\t\t\t\t\t\t\t\t\t\t\t\t\t\t\t\t\t\t<\/div>\n\t\t\t\t<\/div>\n\n\t\t\t\t<div class=\"wrapper-content-baner\">\n\t\t\t\t\t<div class=\"banner-inner\">\n\t\t\t\t\t\t<\/p>\n<div class=\"section\">\n<div class=\"baslik\">\u0648\u062d\u062f\u0627\u062a \u0627\u0644\u062d\u0627\u0626\u0637<\/div>\n<\/div>\n<p>\n\t\t\t\t\t<\/div>\n\t\t\t\t<\/div>\n\n\t\t\t<\/div>\n\n\n\t\t<\/div><\/div><\/div><\/div>","protected":false},"excerpt":{"rendered":"KOLEKS\u0130YONLAR Yatak Odalar\u0131 Yemek Odalar\u0131 Koltuk Tak\u0131mlar\u0131 K\u00f6\u015fe Tak\u0131mlar\u0131 Duvar \u00dcniteleri","protected":false},"author":1,"featured_media":2695,"parent":0,"menu_order":0,"comment_status":"closed","ping_status":"closed","template":"","meta":[],"_links":{"self":[{"href":"https:\/\/vivanza.com.tr\/ar\/wp-json\/wp\/v2\/pages\/508"}],"collection":[{"href":"https:\/\/vivanza.com.tr\/ar\/wp-json\/wp\/v2\/pages"}],"about":[{"href":"https:\/\/vivanza.com.tr\/ar\/wp-json\/wp\/v2\/types\/page"}],"author":[{"embeddable":true,"href":"https:\/\/vivanza.com.tr\/ar\/wp-json\/wp\/v2\/users\/1"}],"replies":[{"embeddable":true,"href":"https:\/\/vivanza.com.tr\/ar\/wp-json\/wp\/v2\/comments?post=508"}],"version-history":[{"count":10,"href":"https:\/\/vivanza.com.tr\/ar\/wp-json\/wp\/v2\/pages\/508\/revisions"}],"predecessor-version":[{"id":513,"href":"https:\/\/vivanza.com.tr\/ar\/wp-json\/wp\/v2\/pages\/508\/revisions\/513"}],"wp:featuredmedia":[{"embeddable":true,"href":"https:\/\/vivanza.com.tr\/ar\/wp-json\/wp\/v2\/media\/2695"}],"wp:attachment":[{"href":"https:\/\/vivanza.com.tr\/ar\/wp-json\/wp\/v2\/media?parent=508"}],"curies":[{"name":"wp","href":"https:\/\/api.w.org\/{rel}","templated":true}]}}