{"id":40,"date":"2018-02-06T14:50:56","date_gmt":"2018-02-06T11:50:56","guid":{"rendered":"http:\/\/vivanza.com.tr\/?page_id=40"},"modified":"2022-10-24T13:10:40","modified_gmt":"2022-10-24T10:10:40","slug":"kurumsal","status":"publish","type":"page","link":"https:\/\/vivanza.com.tr\/en\/kurumsal\/","title":{"rendered":"Corporate"},"content":{"rendered":"<div data-vc-full-width=\"true\" data-vc-full-width-init=\"false\" class=\"vc_row wpb_row vc_row-fluid vc_custom_1557476315243 vc_row-has-fill basel-parallax\"><div class=\"wpb_column vc_column_container vc_col-sm-12\"><div class=\"vc_column-inner\"><div class=\"wpb_wrapper\"><h2 style=\"font-size: 45px;color: #ffffff;text-align: center\" class=\"vc_custom_heading\" >About us<\/h2><\/div><\/div><\/div><\/div><div class=\"vc_row-full-width vc_clearfix\"><\/div><div class=\"vc_row wpb_row vc_row-fluid\"><div class=\"wpb_column vc_column_container vc_col-sm-12\"><div class=\"vc_column-inner\"><div class=\"wpb_wrapper\">\n\t<div class=\"wpb_text_column wpb_content_element\" >\n\t\t<div class=\"wpb_wrapper\">\n\t\t\t<p class=\" translation-block\">Our mission is to; to meet the needs of our customers in the most accurate way with our prices and models, without compromising our wide range of products and our understanding of perfect service.<\/p>\n<p>Choosing furniture requires passion and pleasure. We chose to design and produce products that will add value to life as a profession. We have dedicated our lives to this artistic quest. Our work is to stay up to date, to be one step ahead.<\/p>\n<p>We are now working more excitedly; We create new product concepts in order to bring our functional, high quality, different, original and robust products to our consumers in the most stylish and decorative environments.<br \/>\nOur primary principle is customer satisfaction. In this sense, we carry out quality service understanding at all stages until our product reaches the end user. We prefer to design products that our customers will enjoy while using and that will make life easier with their functions.<br \/>\nIt is imperative that behind every quality work there is an organized, dynamic and team-spirited team. With this in mind, we accept our employees and suppliers as our company partners.<\/p>\n<p>As Vivanza Furniture family, we offer our customers; we will continue to be a solution partner in order to create contemporary and livable spaces without sacrificing quality.<\/p>\n<p>We aim to provide our customers with quality products that are far from ordinary with the understanding of modern, aesthetic and functional design. As an industry-leading organization in this field, we aim to contribute to the development of sectoral standards by providing high quality services from sales to after-sales services.<\/p>\n\n\t\t<\/div>\n\t<\/div>\n<\/div><\/div><\/div><\/div>","protected":false},"excerpt":{"rendered":"Hakk\u0131m\u0131zda Misyonumuz; geni\u015f \u00fcr\u00fcn yelpazemiz ve kusursuz hizmet anlay\u0131\u015f\u0131m\u0131zdan \u00f6d\u00fcn vermeyerek, fiyat ve modellerimizle m\u00fc\u015fterilerimizin ihtiya\u00e7lar\u0131n\u0131 en do\u011fru \u015fekilde kar\u015f\u0131lamakt\u0131r.","protected":false},"author":1,"featured_media":2695,"parent":0,"menu_order":1,"comment_status":"closed","ping_status":"closed","template":"","meta":[],"_links":{"self":[{"href":"https:\/\/vivanza.com.tr\/en\/wp-json\/wp\/v2\/pages\/40"}],"collection":[{"href":"https:\/\/vivanza.com.tr\/en\/wp-json\/wp\/v2\/pages"}],"about":[{"href":"https:\/\/vivanza.com.tr\/en\/wp-json\/wp\/v2\/types\/page"}],"author":[{"embeddable":true,"href":"https:\/\/vivanza.com.tr\/en\/wp-json\/wp\/v2\/users\/1"}],"replies":[{"embeddable":true,"href":"https:\/\/vivanza.com.tr\/en\/wp-json\/wp\/v2\/comments?post=40"}],"version-history":[{"count":10,"href":"https:\/\/vivanza.com.tr\/en\/wp-json\/wp\/v2\/pages\/40\/revisions"}],"predecessor-version":[{"id":507,"href":"https:\/\/vivanza.com.tr\/en\/wp-json\/wp\/v2\/pages\/40\/revisions\/507"}],"wp:featuredmedia":[{"embeddable":true,"href":"https:\/\/vivanza.com.tr\/en\/wp-json\/wp\/v2\/media\/2695"}],"wp:attachment":[{"href":"https:\/\/vivanza.com.tr\/en\/wp-json\/wp\/v2\/media?parent=40"}],"curies":[{"name":"wp","href":"https:\/\/api.w.org\/{rel}","templated":true}]}}